{"id":1676,"date":"2022-10-13T16:06:02","date_gmt":"2022-10-13T14:06:02","guid":{"rendered":"http:\/\/rr.fwch.pl\/?page_id=1676"},"modified":"2022-12-15T12:26:33","modified_gmt":"2022-12-15T11:26:33","slug":"classic-parcel-lockers","status":"publish","type":"page","link":"https:\/\/rr.fwch.pl\/fr\/classic-parcel-lockers\/","title":{"rendered":"Casiers \u00e0 colis classiques"},"content":{"rendered":"<div data-elementor-type=\"wp-page\" data-elementor-id=\"1676\" class=\"elementor elementor-1676\">\n\t\t\t\t\t\t\t\t\t<section class=\"elementor-section elementor-top-section elementor-element elementor-element-6231a90 elementor-section-full_width elementor-section-height-default elementor-section-height-default\" data-id=\"6231a90\" data-element_type=\"section\" data-settings=\"{&quot;background_background&quot;:&quot;classic&quot;}\">\n\t\t\t\t\t\t\t<div class=\"elementor-background-overlay\"><\/div>\n\t\t\t\t\t\t\t<div class=\"elementor-container elementor-column-gap-default\">\n\t\t\t\t\t<div class=\"elementor-column elementor-col-100 elementor-top-column elementor-element elementor-element-8e02dbf\" data-id=\"8e02dbf\" data-element_type=\"column\">\n\t\t\t<div class=\"elementor-widget-wrap elementor-element-populated\">\n\t\t\t\t\t\t\t\t<div class=\"elementor-element elementor-element-9d942ce elementor-widget__width-auto elementor-widget elementor-widget-heading\" data-id=\"9d942ce\" data-element_type=\"widget\" data-widget_type=\"heading.default\">\n\t\t\t\t<div class=\"elementor-widget-container\">\n\t\t\t<style>\/*! elementor - v3.15.0 - 02-08-2023 *\/\n.elementor-heading-title{padding:0;margin:0;line-height:1}.elementor-widget-heading .elementor-heading-title[class*=elementor-size-]>a{color:inherit;font-size:inherit;line-height:inherit}.elementor-widget-heading .elementor-heading-title.elementor-size-small{font-size:15px}.elementor-widget-heading .elementor-heading-title.elementor-size-medium{font-size:19px}.elementor-widget-heading .elementor-heading-title.elementor-size-large{font-size:29px}.elementor-widget-heading .elementor-heading-title.elementor-size-xl{font-size:39px}.elementor-widget-heading .elementor-heading-title.elementor-size-xxl{font-size:59px}<\/style><h1 class=\"elementor-heading-title elementor-size-default translation-block\">Casiers \u00e0 colis <span>classiques<\/span><\/h1>\t\t<\/div>\n\t\t\t\t<\/div>\n\t\t\t\t\t<\/div>\n\t\t<\/div>\n\t\t\t\t\t\t\t<\/div>\n\t\t<\/section>\n\t\t\t\t<section class=\"elementor-section elementor-top-section elementor-element elementor-element-72a70d6 elementor-section-boxed elementor-section-height-default elementor-section-height-default\" data-id=\"72a70d6\" data-element_type=\"section\">\n\t\t\t\t\t\t<div class=\"elementor-container elementor-column-gap-default\">\n\t\t\t\t\t<div class=\"elementor-column elementor-col-50 elementor-top-column elementor-element elementor-element-244d36b\" data-id=\"244d36b\" data-element_type=\"column\">\n\t\t\t<div class=\"elementor-widget-wrap elementor-element-populated\">\n\t\t\t\t\t\t\t\t<div class=\"elementor-element elementor-element-7419be4 elementor-widget elementor-widget-heading\" data-id=\"7419be4\" data-element_type=\"widget\" data-widget_type=\"heading.default\">\n\t\t\t\t<div class=\"elementor-widget-container\">\n\t\t\t<h6 class=\"elementor-heading-title elementor-size-default\">MACHINES CLICK &amp; COLLECT DESTIN\u00c9ES \u00c0 L'E\u2011COMMERCE<\/h6>\t\t<\/div>\n\t\t\t\t<\/div>\n\t\t\t\t<div class=\"elementor-element elementor-element-352200c elementor-widget elementor-widget-heading\" data-id=\"352200c\" data-element_type=\"widget\" data-widget_type=\"heading.default\">\n\t\t\t\t<div class=\"elementor-widget-container\">\n\t\t\t<h2 class=\"elementor-heading-title elementor-size-default\">Casiers \u00e0 colis classiques<\/h2>\t\t<\/div>\n\t\t\t\t<\/div>\n\t\t\t\t<div class=\"elementor-element elementor-element-c7da570 elementor-hidden-desktop elementor-hidden-tablet elementor-hidden-mobile elementor-widget elementor-widget-heading\" data-id=\"c7da570\" data-element_type=\"widget\" data-widget_type=\"heading.default\">\n\t\t\t\t<div class=\"elementor-widget-container\">\n\t\t\t<h4 class=\"elementor-heading-title elementor-size-default\">Classic parcel lockers have multiple collect & load lockers of a few different sizes, dedicated for storage of fitting parcels. <\/h4>\t\t<\/div>\n\t\t\t\t<\/div>\n\t\t\t\t<div class=\"elementor-element elementor-element-15dfefc elementor-widget elementor-widget-text-editor\" data-id=\"15dfefc\" data-element_type=\"widget\" data-widget_type=\"text-editor.default\">\n\t\t\t\t<div class=\"elementor-widget-container\">\n\t\t\t<style>\/*! elementor - v3.15.0 - 02-08-2023 *\/\n.elementor-widget-text-editor.elementor-drop-cap-view-stacked .elementor-drop-cap{background-color:#69727d;color:#fff}.elementor-widget-text-editor.elementor-drop-cap-view-framed .elementor-drop-cap{color:#69727d;border:3px solid;background-color:transparent}.elementor-widget-text-editor:not(.elementor-drop-cap-view-default) .elementor-drop-cap{margin-top:8px}.elementor-widget-text-editor:not(.elementor-drop-cap-view-default) .elementor-drop-cap-letter{width:1em;height:1em}.elementor-widget-text-editor .elementor-drop-cap{float:left;text-align:center;line-height:1;font-size:50px}.elementor-widget-text-editor .elementor-drop-cap-letter{display:inline-block}<\/style>\t\t\t\t<p class=\" translation-block\">Nous sommes fiers de d\u00e9velopper et de produire des casiers \u00e0 colis classiques, et nous sommes l'un des plus grands fournisseurs de ce secteur dans le monde. Des dizaines de milliers de machines Retail Robotics sont install\u00e9es dans 15 pays et leur nombre augmente d'ann\u00e9e en ann\u00e9e.<\/p><p><span style=\"font-weight: 400;\">Sur la base d'une longue exp\u00e9rience, nous avons perfectionn\u00e9 nos solutions au cours des 15 derni\u00e8res ann\u00e9es. C'est pourquoi les machines livr\u00e9es par l'usine Retail Robotics pr\u00e9sentent le plus haut taux de fiabilit\u00e9.<\/span><\/p>\t\t\t\t\t\t<\/div>\n\t\t\t\t<\/div>\n\t\t\t\t\t<\/div>\n\t\t<\/div>\n\t\t\t\t<div class=\"elementor-column elementor-col-50 elementor-top-column elementor-element elementor-element-65eed56\" data-id=\"65eed56\" data-element_type=\"column\">\n\t\t\t<div class=\"elementor-widget-wrap elementor-element-populated\">\n\t\t\t\t\t\t\t\t<div class=\"elementor-element elementor-element-8d32f5f elementor-widget elementor-widget-retina\" data-id=\"8d32f5f\" data-element_type=\"widget\" data-settings=\"{&quot;align&quot;:&quot;center&quot;,&quot;width&quot;:{&quot;unit&quot;:&quot;%&quot;,&quot;size&quot;:&quot;&quot;,&quot;sizes&quot;:[]},&quot;width_tablet&quot;:{&quot;unit&quot;:&quot;%&quot;,&quot;size&quot;:&quot;&quot;,&quot;sizes&quot;:[]},&quot;width_mobile&quot;:{&quot;unit&quot;:&quot;%&quot;,&quot;size&quot;:&quot;&quot;,&quot;sizes&quot;:[]},&quot;space&quot;:{&quot;unit&quot;:&quot;%&quot;,&quot;size&quot;:&quot;&quot;,&quot;sizes&quot;:[]},&quot;space_tablet&quot;:{&quot;unit&quot;:&quot;%&quot;,&quot;size&quot;:&quot;&quot;,&quot;sizes&quot;:[]},&quot;space_mobile&quot;:{&quot;unit&quot;:&quot;%&quot;,&quot;size&quot;:&quot;&quot;,&quot;sizes&quot;:[]},&quot;image_border_radius&quot;:{&quot;unit&quot;:&quot;px&quot;,&quot;top&quot;:&quot;&quot;,&quot;right&quot;:&quot;&quot;,&quot;bottom&quot;:&quot;&quot;,&quot;left&quot;:&quot;&quot;,&quot;isLinked&quot;:true},&quot;image_border_radius_tablet&quot;:{&quot;unit&quot;:&quot;px&quot;,&quot;top&quot;:&quot;&quot;,&quot;right&quot;:&quot;&quot;,&quot;bottom&quot;:&quot;&quot;,&quot;left&quot;:&quot;&quot;,&quot;isLinked&quot;:true},&quot;image_border_radius_mobile&quot;:{&quot;unit&quot;:&quot;px&quot;,&quot;top&quot;:&quot;&quot;,&quot;right&quot;:&quot;&quot;,&quot;bottom&quot;:&quot;&quot;,&quot;left&quot;:&quot;&quot;,&quot;isLinked&quot;:true}}\" data-widget_type=\"retina.default\">\n\t\t\t\t<div class=\"elementor-widget-container\">\n\t\t\t\t\t<div class=\"hfe-retina-image\">\n\t\t\t\t\t\t\t\t\t\t\t\t\t<div class=\"hfe-retina-image-set\">\n\t\t\t\t\t<div class=\"hfe-retina-image-container\">\n\t\t\t\t\t\t<img class=\"hfe-retina-img elementor-animation-\"  src=\"https:\/\/rr.fwch.pl\/wp-content\/uploads\/2022\/10\/classic-parcel-locker_alpha-1536x864.png\" alt=\"classic parcel locker_alpha\" srcset=\"https:\/\/rr.fwch.pl\/wp-content\/uploads\/2022\/10\/classic-parcel-locker_alpha-1536x864.png 1x,https:\/\/rr.fwch.pl\/wp-content\/uploads\/2022\/10\/classic-parcel-locker_alpha-1536x864.png 2x\"\/>\n\t\t\t\t\t<\/div>\n\t\t\t\t<\/div>\n\t\t\t\t\t\t\t\t<\/div> \n\t\t\t\t<\/div>\n\t\t\t\t<\/div>\n\t\t\t\t\t<\/div>\n\t\t<\/div>\n\t\t\t\t\t\t\t<\/div>\n\t\t<\/section>\n\t\t\t\t<section class=\"elementor-section elementor-top-section elementor-element elementor-element-0340d6d elementor-section-boxed elementor-section-height-default elementor-section-height-default\" data-id=\"0340d6d\" data-element_type=\"section\" data-settings=\"{&quot;background_background&quot;:&quot;classic&quot;}\">\n\t\t\t\t\t\t<div class=\"elementor-container elementor-column-gap-default\">\n\t\t\t\t\t<div class=\"elementor-column elementor-col-50 elementor-top-column elementor-element elementor-element-90fcce4\" data-id=\"90fcce4\" data-element_type=\"column\">\n\t\t\t<div class=\"elementor-widget-wrap elementor-element-populated\">\n\t\t\t\t\t\t\t\t<section class=\"elementor-section elementor-inner-section elementor-element elementor-element-bfd9a82 elementor-section-boxed elementor-section-height-default elementor-section-height-default\" data-id=\"bfd9a82\" data-element_type=\"section\">\n\t\t\t\t\t\t<div class=\"elementor-container elementor-column-gap-default\">\n\t\t\t\t\t<div class=\"elementor-column elementor-col-50 elementor-inner-column elementor-element elementor-element-f249c9a\" data-id=\"f249c9a\" data-element_type=\"column\">\n\t\t\t<div class=\"elementor-widget-wrap elementor-element-populated\">\n\t\t\t\t\t\t\t\t<div class=\"elementor-element elementor-element-d9e2e72 elementor-widget elementor-widget-image\" data-id=\"d9e2e72\" data-element_type=\"widget\" data-widget_type=\"image.default\">\n\t\t\t\t<div class=\"elementor-widget-container\">\n\t\t\t<style>\/*! elementor - v3.15.0 - 02-08-2023 *\/\n.elementor-widget-image{text-align:center}.elementor-widget-image a{display:inline-block}.elementor-widget-image a img[src$=\".svg\"]{width:48px}.elementor-widget-image img{vertical-align:middle;display:inline-block}<\/style>\t\t\t\t\t\t\t\t\t\t\t\t<img width=\"360\" height=\"240\" src=\"https:\/\/rr.fwch.pl\/wp-content\/uploads\/2022\/12\/classic1-small2.jpg\" class=\"attachment-large size-large wp-image-4768\" alt=\"\" loading=\"lazy\" \/>\t\t\t\t\t\t\t\t\t\t\t\t\t\t\t<\/div>\n\t\t\t\t<\/div>\n\t\t\t\t\t<\/div>\n\t\t<\/div>\n\t\t\t\t<div class=\"elementor-column elementor-col-50 elementor-inner-column elementor-element elementor-element-2791921\" data-id=\"2791921\" data-element_type=\"column\">\n\t\t\t<div class=\"elementor-widget-wrap elementor-element-populated\">\n\t\t\t\t\t\t\t\t<div class=\"elementor-element elementor-element-54d7315 elementor-widget elementor-widget-image\" data-id=\"54d7315\" data-element_type=\"widget\" data-widget_type=\"image.default\">\n\t\t\t\t<div class=\"elementor-widget-container\">\n\t\t\t\t\t\t\t\t\t\t\t\t\t\t\t<img width=\"360\" height=\"238\" src=\"https:\/\/rr.fwch.pl\/wp-content\/uploads\/2022\/12\/classic2-small2.jpg\" class=\"attachment-large size-large wp-image-4769\" alt=\"\" loading=\"lazy\" \/>\t\t\t\t\t\t\t\t\t\t\t\t\t\t\t<\/div>\n\t\t\t\t<\/div>\n\t\t\t\t\t<\/div>\n\t\t<\/div>\n\t\t\t\t\t\t\t<\/div>\n\t\t<\/section>\n\t\t\t\t<section class=\"elementor-section elementor-inner-section elementor-element elementor-element-ead817b elementor-section-boxed elementor-section-height-default elementor-section-height-default\" data-id=\"ead817b\" data-element_type=\"section\">\n\t\t\t\t\t\t<div class=\"elementor-container elementor-column-gap-default\">\n\t\t\t\t\t<div class=\"elementor-column elementor-col-50 elementor-inner-column elementor-element elementor-element-a34cc25\" data-id=\"a34cc25\" data-element_type=\"column\">\n\t\t\t<div class=\"elementor-widget-wrap elementor-element-populated\">\n\t\t\t\t\t\t\t\t<div class=\"elementor-element elementor-element-4af8460 elementor-widget elementor-widget-image\" data-id=\"4af8460\" data-element_type=\"widget\" data-widget_type=\"image.default\">\n\t\t\t\t<div class=\"elementor-widget-container\">\n\t\t\t\t\t\t\t\t\t\t\t\t\t\t\t<img width=\"360\" height=\"238\" src=\"https:\/\/rr.fwch.pl\/wp-content\/uploads\/2022\/12\/classic3-small2.jpg\" class=\"attachment-large size-large wp-image-4770\" alt=\"\" loading=\"lazy\" \/>\t\t\t\t\t\t\t\t\t\t\t\t\t\t\t<\/div>\n\t\t\t\t<\/div>\n\t\t\t\t\t<\/div>\n\t\t<\/div>\n\t\t\t\t<div class=\"elementor-column elementor-col-50 elementor-inner-column elementor-element elementor-element-abb0688\" data-id=\"abb0688\" data-element_type=\"column\">\n\t\t\t<div class=\"elementor-widget-wrap elementor-element-populated\">\n\t\t\t\t\t\t\t\t<div class=\"elementor-element elementor-element-66ec3f0 elementor-widget elementor-widget-image\" data-id=\"66ec3f0\" data-element_type=\"widget\" data-widget_type=\"image.default\">\n\t\t\t\t<div class=\"elementor-widget-container\">\n\t\t\t\t\t\t\t\t\t\t\t\t\t\t\t<img width=\"360\" height=\"238\" src=\"https:\/\/rr.fwch.pl\/wp-content\/uploads\/2022\/12\/classic4-small2.jpg\" class=\"attachment-large size-large wp-image-4771\" alt=\"\" loading=\"lazy\" \/>\t\t\t\t\t\t\t\t\t\t\t\t\t\t\t<\/div>\n\t\t\t\t<\/div>\n\t\t\t\t\t<\/div>\n\t\t<\/div>\n\t\t\t\t\t\t\t<\/div>\n\t\t<\/section>\n\t\t\t\t\t<\/div>\n\t\t<\/div>\n\t\t\t\t<div class=\"elementor-column elementor-col-50 elementor-top-column elementor-element elementor-element-6f7e1a6\" data-id=\"6f7e1a6\" data-element_type=\"column\">\n\t\t\t<div class=\"elementor-widget-wrap elementor-element-populated\">\n\t\t\t\t\t\t\t\t<div class=\"elementor-element elementor-element-bbf24f1 elementor-widget elementor-widget-text-editor\" data-id=\"bbf24f1\" data-element_type=\"widget\" data-widget_type=\"text-editor.default\">\n\t\t\t\t<div class=\"elementor-widget-container\">\n\t\t\t\t\t\t\t<p class=\" translation-block\">Les casiers \u00e0 colis classiques peuvent \u00eatre install\u00e9s <b>\u00e0 l'int\u00e9rieur<\/b>, mais aussi <b>\u00e0 l'ext\u00e9rieur<\/b> gr\u00e2ce \u00e0 des mat\u00e9riaux r\u00e9sistants, garantissant la durabilit\u00e9.<\/p><p class=\" translation-block\">Les solutions de collecte classiques disposent de <b>nombreux casiers de collecte et de chargement<\/b> de diff\u00e9rentes tailles, destin\u00e9s au d\u00e9p\u00f4t de colis adapt\u00e9s.  Tous les casiers sont <b>\u00e0 port\u00e9e de main<\/b> des livreurs et des consommateurs et sont facilement utilisables pendant le processus de chargement et de collecte.<\/p><div class=\" translation-block\">Nos solutions peuvent \u00eatre \u00e9quip\u00e9es d'un <b>\u00e9cran tactile<\/b> pour les utilisateurs <b>ou produites sans celui-ci<\/b> (et \u00eatre alors utilis\u00e9es via une application mobile).<\/div><div>\u00a0<\/div><div class=\" translation-block\">La taille des machines, le nombre de casiers et la pr\u00e9sence d'un \u00e9cran tactile diff\u00e8rent en fonction des besoins de nos clients. Nous pouvons cr\u00e9er <b>des solutions sur mesure <\/b> bas\u00e9es sur notre expertise et des options \u00e9prouv\u00e9es ou produire des machines selon les sp\u00e9cifications de nos partenaires commerciaux.<\/div>\t\t\t\t\t\t<\/div>\n\t\t\t\t<\/div>\n\t\t\t\t\t<\/div>\n\t\t<\/div>\n\t\t\t\t\t\t\t<\/div>\n\t\t<\/section>\n\t\t\t\t<section class=\"elementor-section elementor-top-section elementor-element elementor-element-cab6d82 elementor-section-height-min-height elementor-section-boxed elementor-section-height-default elementor-section-items-middle\" data-id=\"cab6d82\" data-element_type=\"section\" data-settings=\"{&quot;background_background&quot;:&quot;classic&quot;}\">\n\t\t\t\t\t\t<div class=\"elementor-container elementor-column-gap-default\">\n\t\t\t\t\t<div class=\"elementor-column elementor-col-100 elementor-top-column elementor-element elementor-element-2e3313b\" data-id=\"2e3313b\" data-element_type=\"column\" data-settings=\"{&quot;background_background&quot;:&quot;classic&quot;}\">\n\t\t\t<div class=\"elementor-widget-wrap\">\n\t\t\t\t\t\t\t\t\t<\/div>\n\t\t<\/div>\n\t\t\t\t\t\t\t<\/div>\n\t\t<\/section>\n\t\t\t\t<section class=\"elementor-section elementor-top-section elementor-element elementor-element-0b7bb2a elementor-section-boxed elementor-section-height-default elementor-section-height-default\" data-id=\"0b7bb2a\" data-element_type=\"section\">\n\t\t\t\t\t\t<div class=\"elementor-container elementor-column-gap-default\">\n\t\t\t\t\t<div class=\"elementor-column elementor-col-50 elementor-top-column elementor-element elementor-element-08f26a3\" data-id=\"08f26a3\" data-element_type=\"column\">\n\t\t\t<div class=\"elementor-widget-wrap elementor-element-populated\">\n\t\t\t\t\t\t\t\t<div class=\"elementor-element elementor-element-d0b8c9a elementor-widget elementor-widget-text-editor\" data-id=\"d0b8c9a\" data-element_type=\"widget\" data-widget_type=\"text-editor.default\">\n\t\t\t\t<div class=\"elementor-widget-container\">\n\t\t\t\t\t\t\t<p class=\" translation-block\">Gr\u00e2ce aux consignes \u00e0 colis classiques, les achats en ligne sont livr\u00e9s de mani\u00e8re <b>beaucoup plus efficace<\/b> que la livraison \u00e0 domicile. Un grand nombre de commandes sont charg\u00e9es dans une seule machine au lieu d'\u00eatre livr\u00e9es une par une \u00e0 chaque adresse. Cela permet de gagner du temps et de r\u00e9duire le nombre de kilom\u00e8tres parcourus, de diminuer les co\u00fbts op\u00e9rationnels, mais aussi la pollution atmosph\u00e9rique.<\/p><p><span style=\"font-weight: 400;\">C'est pourquoi les <\/span><b>e-d\u00e9taillants <\/b><span style=\"font-weight: 400;\">pourraient<\/span> <span style=\"font-weight: 400;\">offrir des options de <\/span><b>livraison plus pratiques et moins ch\u00e8res<\/b><span style=\"font-weight: 400;\"> \u00e0 leurs clients. <\/span><b>Les entreprises de logistique peuvent rapidement d\u00e9velopper leur r\u00e9seau<\/b><span style=\"font-weight: 400;\">offrant \u00e0 leurs clients un service de transport efficace et abordable. <\/span><b>Les acheteurs pourront b\u00e9n\u00e9ficier d'un retrait facile<\/b><span style=\"font-weight: 400;\">, 24h\/ 24, 7j\/7, \u00e0 proximit\u00e9 de leur domicile.  L'impact sur <\/span><b>l'environnement est \u00e9galement positif<\/b><span style=\"font-weight: 400;\"> gr\u00e2ce \u00e0 la r\u00e9duction du trafic et des \u00e9missions de CO2.\u00a0<\/span><\/p>\t\t\t\t\t\t<\/div>\n\t\t\t\t<\/div>\n\t\t\t\t\t<\/div>\n\t\t<\/div>\n\t\t\t\t<div class=\"elementor-column elementor-col-50 elementor-top-column elementor-element elementor-element-0dedf7a\" data-id=\"0dedf7a\" data-element_type=\"column\" data-settings=\"{&quot;background_background&quot;:&quot;classic&quot;}\">\n\t\t\t<div class=\"elementor-widget-wrap elementor-element-populated\">\n\t\t\t\t\t\t\t\t<div class=\"elementor-element elementor-element-05e86fb elementor-widget elementor-widget-spacer\" data-id=\"05e86fb\" data-element_type=\"widget\" data-widget_type=\"spacer.default\">\n\t\t\t\t<div class=\"elementor-widget-container\">\n\t\t\t<style>\/*! elementor - v3.15.0 - 02-08-2023 *\/\n.elementor-column .elementor-spacer-inner{height:var(--spacer-size)}.e-con{--container-widget-width:100%}.e-con-inner>.elementor-widget-spacer,.e-con>.elementor-widget-spacer{width:var(--container-widget-width,var(--spacer-size));--align-self:var(--container-widget-align-self,initial);--flex-shrink:0}.e-con-inner>.elementor-widget-spacer>.elementor-widget-container,.e-con-inner>.elementor-widget-spacer>.elementor-widget-container>.elementor-spacer,.e-con>.elementor-widget-spacer>.elementor-widget-container,.e-con>.elementor-widget-spacer>.elementor-widget-container>.elementor-spacer{height:100%}.e-con-inner>.elementor-widget-spacer>.elementor-widget-container>.elementor-spacer>.elementor-spacer-inner,.e-con>.elementor-widget-spacer>.elementor-widget-container>.elementor-spacer>.elementor-spacer-inner{height:var(--container-widget-height,var(--spacer-size))}<\/style>\t\t<div class=\"elementor-spacer\">\n\t\t\t<div class=\"elementor-spacer-inner\"><\/div>\n\t\t<\/div>\n\t\t\t\t<\/div>\n\t\t\t\t<\/div>\n\t\t\t\t\t<\/div>\n\t\t<\/div>\n\t\t\t\t\t\t\t<\/div>\n\t\t<\/section>\n\t\t\t\t<section class=\"elementor-section elementor-top-section elementor-element elementor-element-00dd688 elementor-section-boxed elementor-section-height-default elementor-section-height-default\" data-id=\"00dd688\" data-element_type=\"section\">\n\t\t\t\t\t\t<div class=\"elementor-container elementor-column-gap-default\">\n\t\t\t\t\t<div class=\"elementor-column elementor-col-25 elementor-top-column elementor-element elementor-element-f2f2c63\" data-id=\"f2f2c63\" data-element_type=\"column\">\n\t\t\t<div class=\"elementor-widget-wrap elementor-element-populated\">\n\t\t\t\t\t\t\t\t<div class=\"elementor-element elementor-element-b10de98 elementor-widget elementor-widget-image\" data-id=\"b10de98\" data-element_type=\"widget\" data-widget_type=\"image.default\">\n\t\t\t\t<div class=\"elementor-widget-container\">\n\t\t\t\t\t\t\t\t\t\t\t\t\t\t\t<img width=\"730\" height=\"490\" src=\"https:\/\/rr.fwch.pl\/wp-content\/uploads\/2022\/12\/classic6a.jpg\" class=\"attachment-large size-large wp-image-4773\" alt=\"\" loading=\"lazy\" \/>\t\t\t\t\t\t\t\t\t\t\t\t\t\t\t<\/div>\n\t\t\t\t<\/div>\n\t\t\t\t\t<\/div>\n\t\t<\/div>\n\t\t\t\t<div class=\"elementor-column elementor-col-25 elementor-top-column elementor-element elementor-element-ea814dd\" data-id=\"ea814dd\" data-element_type=\"column\">\n\t\t\t<div class=\"elementor-widget-wrap elementor-element-populated\">\n\t\t\t\t\t\t\t\t<div class=\"elementor-element elementor-element-6dfdc0f elementor-widget elementor-widget-image\" data-id=\"6dfdc0f\" data-element_type=\"widget\" data-widget_type=\"image.default\">\n\t\t\t\t<div class=\"elementor-widget-container\">\n\t\t\t\t\t\t\t\t\t\t\t\t\t\t\t<img width=\"730\" height=\"490\" src=\"https:\/\/rr.fwch.pl\/wp-content\/uploads\/2022\/12\/classic7a.jpg\" class=\"attachment-large size-large wp-image-4774\" alt=\"\" loading=\"lazy\" \/>\t\t\t\t\t\t\t\t\t\t\t\t\t\t\t<\/div>\n\t\t\t\t<\/div>\n\t\t\t\t\t<\/div>\n\t\t<\/div>\n\t\t\t\t<div class=\"elementor-column elementor-col-25 elementor-top-column elementor-element elementor-element-5544f1e\" data-id=\"5544f1e\" data-element_type=\"column\">\n\t\t\t<div class=\"elementor-widget-wrap elementor-element-populated\">\n\t\t\t\t\t\t\t\t<div class=\"elementor-element elementor-element-8ec471b elementor-widget elementor-widget-image\" data-id=\"8ec471b\" data-element_type=\"widget\" data-widget_type=\"image.default\">\n\t\t\t\t<div class=\"elementor-widget-container\">\n\t\t\t\t\t\t\t\t\t\t\t\t\t\t\t<img width=\"730\" height=\"490\" src=\"https:\/\/rr.fwch.pl\/wp-content\/uploads\/2022\/12\/classic8a.jpg\" class=\"attachment-large size-large wp-image-4775\" alt=\"\" loading=\"lazy\" \/>\t\t\t\t\t\t\t\t\t\t\t\t\t\t\t<\/div>\n\t\t\t\t<\/div>\n\t\t\t\t\t<\/div>\n\t\t<\/div>\n\t\t\t\t<div class=\"elementor-column elementor-col-25 elementor-top-column elementor-element elementor-element-cb65f8f\" data-id=\"cb65f8f\" data-element_type=\"column\">\n\t\t\t<div class=\"elementor-widget-wrap elementor-element-populated\">\n\t\t\t\t\t\t\t\t<div class=\"elementor-element elementor-element-813c2f7 elementor-widget elementor-widget-image\" data-id=\"813c2f7\" data-element_type=\"widget\" data-widget_type=\"image.default\">\n\t\t\t\t<div class=\"elementor-widget-container\">\n\t\t\t\t\t\t\t\t\t\t\t\t\t\t\t<img width=\"730\" height=\"490\" src=\"https:\/\/rr.fwch.pl\/wp-content\/uploads\/2022\/12\/classic9a.jpg\" class=\"attachment-large size-large wp-image-4767\" alt=\"\" loading=\"lazy\" \/>\t\t\t\t\t\t\t\t\t\t\t\t\t\t\t<\/div>\n\t\t\t\t<\/div>\n\t\t\t\t\t<\/div>\n\t\t<\/div>\n\t\t\t\t\t\t\t<\/div>\n\t\t<\/section>\n\t\t\t\t\t\t\t<\/div>","protected":false},"excerpt":{"rendered":"<p>Classic Parcel Lockers Click &#038; collect machines for e&#8209;commerce Classic parcel lockers Classic parcel lockers have multiple collect &#038; load lockers of a few different sizes, dedicated for storage of fitting parcels. We are proud developers and producers of classic parcel lockers, and one the biggest supplier in this sector worldwide. Tens of thousands of&hellip;&nbsp;<a href=\"https:\/\/rr.fwch.pl\/fr\/classic-parcel-lockers\/\" class=\"\" rel=\"bookmark\">Lire la suite &raquo;<span class=\"screen-reader-text\">Casiers \u00e0 colis classiques<\/span><\/a><\/p>","protected":false},"author":1,"featured_media":0,"parent":0,"menu_order":0,"comment_status":"closed","ping_status":"closed","template":"page-templates\/template-pagebuilder-full-width.php","meta":{"neve_meta_sidebar":"","neve_meta_container":"","neve_meta_enable_content_width":"","neve_meta_content_width":0,"neve_meta_title_alignment":"","neve_meta_author_avatar":"","neve_post_elements_order":"","neve_meta_disable_header":"","neve_meta_disable_footer":"","neve_meta_disable_title":""},"_links":{"self":[{"href":"https:\/\/rr.fwch.pl\/fr\/wp-json\/wp\/v2\/pages\/1676"}],"collection":[{"href":"https:\/\/rr.fwch.pl\/fr\/wp-json\/wp\/v2\/pages"}],"about":[{"href":"https:\/\/rr.fwch.pl\/fr\/wp-json\/wp\/v2\/types\/page"}],"author":[{"embeddable":true,"href":"https:\/\/rr.fwch.pl\/fr\/wp-json\/wp\/v2\/users\/1"}],"replies":[{"embeddable":true,"href":"https:\/\/rr.fwch.pl\/fr\/wp-json\/wp\/v2\/comments?post=1676"}],"version-history":[{"count":106,"href":"https:\/\/rr.fwch.pl\/fr\/wp-json\/wp\/v2\/pages\/1676\/revisions"}],"predecessor-version":[{"id":4889,"href":"https:\/\/rr.fwch.pl\/fr\/wp-json\/wp\/v2\/pages\/1676\/revisions\/4889"}],"wp:attachment":[{"href":"https:\/\/rr.fwch.pl\/fr\/wp-json\/wp\/v2\/media?parent=1676"}],"curies":[{"name":"wp","href":"https:\/\/api.w.org\/{rel}","templated":true}]}}