{"id":1683,"date":"2022-10-13T16:11:01","date_gmt":"2022-10-13T14:11:01","guid":{"rendered":"http:\/\/rr.fwch.pl\/?page_id=1683"},"modified":"2022-12-15T12:10:42","modified_gmt":"2022-12-15T11:10:42","slug":"drive-e-grocery-clickcollect","status":"publish","type":"page","link":"https:\/\/rr.fwch.pl\/fr\/drive-e-grocery-clickcollect\/","title":{"rendered":"Drive e-grocery click&#038;collect"},"content":{"rendered":"<div data-elementor-type=\"wp-page\" data-elementor-id=\"1683\" class=\"elementor elementor-1683\">\n\t\t\t\t\t\t\t\t\t<section class=\"elementor-section elementor-top-section elementor-element elementor-element-983b89d elementor-section-full_width elementor-section-height-default elementor-section-height-default\" data-id=\"983b89d\" data-element_type=\"section\" data-settings=\"{&quot;background_background&quot;:&quot;classic&quot;}\">\n\t\t\t\t\t\t\t<div class=\"elementor-background-overlay\"><\/div>\n\t\t\t\t\t\t\t<div class=\"elementor-container elementor-column-gap-default\">\n\t\t\t\t\t<div class=\"elementor-column elementor-col-100 elementor-top-column elementor-element elementor-element-fefa21d\" data-id=\"fefa21d\" data-element_type=\"column\">\n\t\t\t<div class=\"elementor-widget-wrap elementor-element-populated\">\n\t\t\t\t\t\t\t\t<div class=\"elementor-element elementor-element-cbac755 title-blue elementor-widget__width-auto elementor-widget elementor-widget-heading\" data-id=\"cbac755\" data-element_type=\"widget\" data-widget_type=\"heading.default\">\n\t\t\t\t<div class=\"elementor-widget-container\">\n\t\t\t<style>\/*! elementor - v3.15.0 - 02-08-2023 *\/\n.elementor-heading-title{padding:0;margin:0;line-height:1}.elementor-widget-heading .elementor-heading-title[class*=elementor-size-]>a{color:inherit;font-size:inherit;line-height:inherit}.elementor-widget-heading .elementor-heading-title.elementor-size-small{font-size:15px}.elementor-widget-heading .elementor-heading-title.elementor-size-medium{font-size:19px}.elementor-widget-heading .elementor-heading-title.elementor-size-large{font-size:29px}.elementor-widget-heading .elementor-heading-title.elementor-size-xl{font-size:39px}.elementor-widget-heading .elementor-heading-title.elementor-size-xxl{font-size:59px}<\/style><h1 class=\"elementor-heading-title elementor-size-default translation-block\"><span>Click &amp; collect alimentaire<\/span> drive (future)<\/h1>\t\t<\/div>\n\t\t\t\t<\/div>\n\t\t\t\t\t<\/div>\n\t\t<\/div>\n\t\t\t\t\t\t\t<\/div>\n\t\t<\/section>\n\t\t\t\t<section class=\"elementor-section elementor-top-section elementor-element elementor-element-be3a972 elementor-section-boxed elementor-section-height-default elementor-section-height-default\" data-id=\"be3a972\" data-element_type=\"section\">\n\t\t\t\t\t\t<div class=\"elementor-container elementor-column-gap-default\">\n\t\t\t\t\t<div class=\"elementor-column elementor-col-50 elementor-top-column elementor-element elementor-element-76df3f0\" data-id=\"76df3f0\" data-element_type=\"column\">\n\t\t\t<div class=\"elementor-widget-wrap elementor-element-populated\">\n\t\t\t\t\t\t\t\t<div class=\"elementor-element elementor-element-3ccd11e elementor-widget elementor-widget-heading\" data-id=\"3ccd11e\" data-element_type=\"widget\" data-widget_type=\"heading.default\">\n\t\t\t\t<div class=\"elementor-widget-container\">\n\t\t\t<h6 class=\"elementor-heading-title elementor-size-default\">Click &amp; collect alimentaire Drive <\/h6>\t\t<\/div>\n\t\t\t\t<\/div>\n\t\t\t\t<div class=\"elementor-element elementor-element-4ed98e0 elementor-widget elementor-widget-heading\" data-id=\"4ed98e0\" data-element_type=\"widget\" data-widget_type=\"heading.default\">\n\t\t\t\t<div class=\"elementor-widget-container\">\n\t\t\t<h2 class=\"elementor-heading-title elementor-size-default\">Arctan Drive (futur)<\/h2>\t\t<\/div>\n\t\t\t\t<\/div>\n\t\t\t\t<div class=\"elementor-element elementor-element-c884317 elementor-widget elementor-widget-text-editor\" data-id=\"c884317\" data-element_type=\"widget\" data-widget_type=\"text-editor.default\">\n\t\t\t\t<div class=\"elementor-widget-container\">\n\t\t\t<style>\/*! elementor - v3.15.0 - 02-08-2023 *\/\n.elementor-widget-text-editor.elementor-drop-cap-view-stacked .elementor-drop-cap{background-color:#69727d;color:#fff}.elementor-widget-text-editor.elementor-drop-cap-view-framed .elementor-drop-cap{color:#69727d;border:3px solid;background-color:transparent}.elementor-widget-text-editor:not(.elementor-drop-cap-view-default) .elementor-drop-cap{margin-top:8px}.elementor-widget-text-editor:not(.elementor-drop-cap-view-default) .elementor-drop-cap-letter{width:1em;height:1em}.elementor-widget-text-editor .elementor-drop-cap{float:left;text-align:center;line-height:1;font-size:50px}.elementor-widget-text-editor .elementor-drop-cap-letter{display:inline-block}<\/style>\t\t\t\t<p><span style=\"font-weight: 400;\">Se rendre dans les hypermarch\u00e9s pour faire de plus grands achats est per\u00e7u par de nombreux clients comme une exp\u00e9rience qui prend du temps, voire qui est fatigante. C'est pourquoi les d\u00e9taillants ont commenc\u00e9 \u00e0 d\u00e9velopper un mod\u00e8le alternatif <strong>permettant aux consommateurs de passer des commandes en ligne et de les r\u00e9cup\u00e9rer directement dans des points de retrait appel\u00e9s Drives.\u00a0<\/strong><\/span><\/p><p><span style=\"font-weight: 400;\">Dans ce concept, les commandes alimentaires effectu\u00e9es en ligne sont livr\u00e9es \u00e0 des points plac\u00e9s \u00e0 l'ext\u00e9rieur, et r\u00e9cup\u00e9r\u00e9es par les utilisateurs qui se rendent en voiture juste \u00e0 <strong>l'endroit pr\u00e9vu pour la collecte.<\/strong>\u00a0<\/span><\/p><p><span style=\"font-weight: 400;\">Les Drives actuels n\u00e9cessitent une assistance humaine pendant le processus de collecte, ce qui g\u00e9n\u00e8re des co\u00fbts de livraison plus \u00e9lev\u00e9s et r\u00e9duit la rentabilit\u00e9 des d\u00e9taillants. <\/span><\/p>\t\t\t\t\t\t<\/div>\n\t\t\t\t<\/div>\n\t\t\t\t\t<\/div>\n\t\t<\/div>\n\t\t\t\t<div class=\"elementor-column elementor-col-50 elementor-top-column elementor-element elementor-element-9b80b03\" data-id=\"9b80b03\" data-element_type=\"column\" data-settings=\"{&quot;background_background&quot;:&quot;classic&quot;}\">\n\t\t\t<div class=\"elementor-widget-wrap elementor-element-populated\">\n\t\t\t\t\t\t\t\t<div class=\"elementor-element elementor-element-f4e867f elementor-widget elementor-widget-spacer\" data-id=\"f4e867f\" data-element_type=\"widget\" data-widget_type=\"spacer.default\">\n\t\t\t\t<div class=\"elementor-widget-container\">\n\t\t\t<style>\/*! elementor - v3.15.0 - 02-08-2023 *\/\n.elementor-column .elementor-spacer-inner{height:var(--spacer-size)}.e-con{--container-widget-width:100%}.e-con-inner>.elementor-widget-spacer,.e-con>.elementor-widget-spacer{width:var(--container-widget-width,var(--spacer-size));--align-self:var(--container-widget-align-self,initial);--flex-shrink:0}.e-con-inner>.elementor-widget-spacer>.elementor-widget-container,.e-con-inner>.elementor-widget-spacer>.elementor-widget-container>.elementor-spacer,.e-con>.elementor-widget-spacer>.elementor-widget-container,.e-con>.elementor-widget-spacer>.elementor-widget-container>.elementor-spacer{height:100%}.e-con-inner>.elementor-widget-spacer>.elementor-widget-container>.elementor-spacer>.elementor-spacer-inner,.e-con>.elementor-widget-spacer>.elementor-widget-container>.elementor-spacer>.elementor-spacer-inner{height:var(--container-widget-height,var(--spacer-size))}<\/style>\t\t<div class=\"elementor-spacer\">\n\t\t\t<div class=\"elementor-spacer-inner\"><\/div>\n\t\t<\/div>\n\t\t\t\t<\/div>\n\t\t\t\t<\/div>\n\t\t\t\t\t<\/div>\n\t\t<\/div>\n\t\t\t\t\t\t\t<\/div>\n\t\t<\/section>\n\t\t\t\t<section class=\"elementor-section elementor-top-section elementor-element elementor-element-8a078e5 elementor-section-boxed elementor-section-height-default elementor-section-height-default\" data-id=\"8a078e5\" data-element_type=\"section\">\n\t\t\t\t\t\t<div class=\"elementor-container elementor-column-gap-default\">\n\t\t\t\t\t<div class=\"elementor-column elementor-col-50 elementor-top-column elementor-element elementor-element-d752d46\" data-id=\"d752d46\" data-element_type=\"column\">\n\t\t\t<div class=\"elementor-widget-wrap elementor-element-populated\">\n\t\t\t\t\t\t\t\t<section class=\"elementor-section elementor-inner-section elementor-element elementor-element-dd828fc elementor-section-boxed elementor-section-height-default elementor-section-height-default\" data-id=\"dd828fc\" data-element_type=\"section\">\n\t\t\t\t\t\t<div class=\"elementor-container elementor-column-gap-default\">\n\t\t\t\t\t<div class=\"elementor-column elementor-col-50 elementor-inner-column elementor-element elementor-element-0d4aa9f\" data-id=\"0d4aa9f\" data-element_type=\"column\">\n\t\t\t<div class=\"elementor-widget-wrap elementor-element-populated\">\n\t\t\t\t\t\t\t\t<div class=\"elementor-element elementor-element-6106fbd elementor-widget elementor-widget-image\" data-id=\"6106fbd\" data-element_type=\"widget\" data-widget_type=\"image.default\">\n\t\t\t\t<div class=\"elementor-widget-container\">\n\t\t\t<style>\/*! elementor - v3.15.0 - 02-08-2023 *\/\n.elementor-widget-image{text-align:center}.elementor-widget-image a{display:inline-block}.elementor-widget-image a img[src$=\".svg\"]{width:48px}.elementor-widget-image img{vertical-align:middle;display:inline-block}<\/style>\t\t\t\t\t\t\t\t\t\t\t\t<img width=\"1000\" height=\"611\" src=\"https:\/\/rr.fwch.pl\/wp-content\/uploads\/2022\/10\/drive.jpg\" class=\"attachment-large size-large wp-image-1863\" alt=\"\" loading=\"lazy\" \/>\t\t\t\t\t\t\t\t\t\t\t\t\t\t\t<\/div>\n\t\t\t\t<\/div>\n\t\t\t\t\t<\/div>\n\t\t<\/div>\n\t\t\t\t<div class=\"elementor-column elementor-col-50 elementor-inner-column elementor-element elementor-element-30a8c1c\" data-id=\"30a8c1c\" data-element_type=\"column\">\n\t\t\t<div class=\"elementor-widget-wrap elementor-element-populated\">\n\t\t\t\t\t\t\t\t<div class=\"elementor-element elementor-element-de61bdc elementor-widget elementor-widget-image\" data-id=\"de61bdc\" data-element_type=\"widget\" data-widget_type=\"image.default\">\n\t\t\t\t<div class=\"elementor-widget-container\">\n\t\t\t\t\t\t\t\t\t\t\t\t\t\t\t<img width=\"1000\" height=\"563\" src=\"https:\/\/rr.fwch.pl\/wp-content\/uploads\/2022\/12\/rzut_z_go\u0301ry_3a.jpg\" class=\"attachment-large size-large wp-image-4133\" alt=\"\" loading=\"lazy\" \/>\t\t\t\t\t\t\t\t\t\t\t\t\t\t\t<\/div>\n\t\t\t\t<\/div>\n\t\t\t\t\t<\/div>\n\t\t<\/div>\n\t\t\t\t\t\t\t<\/div>\n\t\t<\/section>\n\t\t\t\t<section class=\"elementor-section elementor-inner-section elementor-element elementor-element-4a6fae3 elementor-section-boxed elementor-section-height-default elementor-section-height-default\" data-id=\"4a6fae3\" data-element_type=\"section\">\n\t\t\t\t\t\t<div class=\"elementor-container elementor-column-gap-default\">\n\t\t\t\t\t<div class=\"elementor-column elementor-col-50 elementor-inner-column elementor-element elementor-element-735cfef\" data-id=\"735cfef\" data-element_type=\"column\">\n\t\t\t<div class=\"elementor-widget-wrap elementor-element-populated\">\n\t\t\t\t\t\t\t\t<div class=\"elementor-element elementor-element-3537d41 elementor-widget elementor-widget-image\" data-id=\"3537d41\" data-element_type=\"widget\" data-widget_type=\"image.default\">\n\t\t\t\t<div class=\"elementor-widget-container\">\n\t\t\t\t\t\t\t\t\t\t\t\t\t\t\t<img width=\"1000\" height=\"563\" src=\"https:\/\/rr.fwch.pl\/wp-content\/uploads\/2022\/10\/render_2b.jpg\" class=\"attachment-large size-large wp-image-1555\" alt=\"\" loading=\"lazy\" \/>\t\t\t\t\t\t\t\t\t\t\t\t\t\t\t<\/div>\n\t\t\t\t<\/div>\n\t\t\t\t\t<\/div>\n\t\t<\/div>\n\t\t\t\t<div class=\"elementor-column elementor-col-50 elementor-inner-column elementor-element elementor-element-90a5e7a\" data-id=\"90a5e7a\" data-element_type=\"column\">\n\t\t\t<div class=\"elementor-widget-wrap elementor-element-populated\">\n\t\t\t\t\t\t\t\t<div class=\"elementor-element elementor-element-77c83da elementor-widget elementor-widget-image\" data-id=\"77c83da\" data-element_type=\"widget\" data-widget_type=\"image.default\">\n\t\t\t\t<div class=\"elementor-widget-container\">\n\t\t\t\t\t\t\t\t\t\t\t\t\t\t\t<img width=\"1000\" height=\"563\" src=\"https:\/\/rr.fwch.pl\/wp-content\/uploads\/2022\/12\/render_6a.jpg\" class=\"attachment-large size-large wp-image-4132\" alt=\"\" loading=\"lazy\" \/>\t\t\t\t\t\t\t\t\t\t\t\t\t\t\t<\/div>\n\t\t\t\t<\/div>\n\t\t\t\t\t<\/div>\n\t\t<\/div>\n\t\t\t\t\t\t\t<\/div>\n\t\t<\/section>\n\t\t\t\t\t<\/div>\n\t\t<\/div>\n\t\t\t\t<div class=\"elementor-column elementor-col-50 elementor-top-column elementor-element elementor-element-dbf5889\" data-id=\"dbf5889\" data-element_type=\"column\">\n\t\t\t<div class=\"elementor-widget-wrap elementor-element-populated\">\n\t\t\t\t\t\t\t\t<div class=\"elementor-element elementor-element-ec3a4e1 elementor-widget elementor-widget-text-editor\" data-id=\"ec3a4e1\" data-element_type=\"widget\" data-widget_type=\"text-editor.default\">\n\t\t\t\t<div class=\"elementor-widget-container\">\n\t\t\t\t\t\t\t<p><span style=\"font-weight: 400;\">Actuellement, Arctan Drive est en cours de d\u00e9veloppement par l'\u00e9quipe de R&amp;D en coop\u00e9ration avec les d\u00e9taillants pour s'assurer qu'il r\u00e9pond \u00e0 tous leurs besoins et \u00e0 ceux de leurs clients. <strong>En tant que solution enti\u00e8rement automatis\u00e9e, il permettra aux utilisateurs de collecter leurs achats sans aucun assistant humain.<\/strong> En d\u00e9veloppant notre nouvelle machine, nous nous concentrons non seulement sur sa technologie, mais aussi sur le meilleur processus de ramassage possible, intuitif, rapide et agr\u00e9able.\u00a0<\/span><\/p><p><span style=\"font-weight: 400;\"><strong>Cette nouvelle solution robotique permettra de r\u00e9duire consid\u00e9rablement les co\u00fbts de livraison, tout en am\u00e9liorant l'exp\u00e9rience du consommateur.<\/strong> C'est pourquoi nous sommes convaincus qu'elle fera une r\u00e9elle diff\u00e9rence sur le march\u00e9 de la livraison dans les ann\u00e9es \u00e0 venir. <\/span><\/p>\t\t\t\t\t\t<\/div>\n\t\t\t\t<\/div>\n\t\t\t\t\t<\/div>\n\t\t<\/div>\n\t\t\t\t\t\t\t<\/div>\n\t\t<\/section>\n\t\t\t\t\t\t\t<\/div>","protected":false},"excerpt":{"rendered":"<p>Drive e\u2011grocery c&amp;c (future) DRIVE E-GROCERY Click &amp; collect Arctan Drive (future) Going to hypermarkets to do bigger shopping is perceived by many customers as a time consuming and even tiring experience. This is why retailers have started to develop an alternative model allowing consumers to place orders online and pick them up directly from&hellip;&nbsp;<a href=\"https:\/\/rr.fwch.pl\/fr\/drive-e-grocery-clickcollect\/\" class=\"\" rel=\"bookmark\">Lire la suite &raquo;<span class=\"screen-reader-text\">Drive e-grocery click&#038;collect<\/span><\/a><\/p>","protected":false},"author":1,"featured_media":0,"parent":0,"menu_order":0,"comment_status":"closed","ping_status":"closed","template":"page-templates\/template-pagebuilder-full-width.php","meta":{"neve_meta_sidebar":"","neve_meta_container":"","neve_meta_enable_content_width":"","neve_meta_content_width":0,"neve_meta_title_alignment":"","neve_meta_author_avatar":"","neve_post_elements_order":"","neve_meta_disable_header":"","neve_meta_disable_footer":"","neve_meta_disable_title":""},"_links":{"self":[{"href":"https:\/\/rr.fwch.pl\/fr\/wp-json\/wp\/v2\/pages\/1683"}],"collection":[{"href":"https:\/\/rr.fwch.pl\/fr\/wp-json\/wp\/v2\/pages"}],"about":[{"href":"https:\/\/rr.fwch.pl\/fr\/wp-json\/wp\/v2\/types\/page"}],"author":[{"embeddable":true,"href":"https:\/\/rr.fwch.pl\/fr\/wp-json\/wp\/v2\/users\/1"}],"replies":[{"embeddable":true,"href":"https:\/\/rr.fwch.pl\/fr\/wp-json\/wp\/v2\/comments?post=1683"}],"version-history":[{"count":55,"href":"https:\/\/rr.fwch.pl\/fr\/wp-json\/wp\/v2\/pages\/1683\/revisions"}],"predecessor-version":[{"id":4880,"href":"https:\/\/rr.fwch.pl\/fr\/wp-json\/wp\/v2\/pages\/1683\/revisions\/4880"}],"wp:attachment":[{"href":"https:\/\/rr.fwch.pl\/fr\/wp-json\/wp\/v2\/media?parent=1683"}],"curies":[{"name":"wp","href":"https:\/\/api.w.org\/{rel}","templated":true}]}}