{"id":2554,"date":"2022-10-21T10:46:06","date_gmt":"2022-10-21T08:46:06","guid":{"rendered":"http:\/\/rr.fwch.pl\/?page_id=2554"},"modified":"2022-12-12T12:25:13","modified_gmt":"2022-12-12T11:25:13","slug":"eu-grants","status":"publish","type":"page","link":"https:\/\/rr.fwch.pl\/fr\/eu-grants\/","title":{"rendered":"Subventions de l'UE"},"content":{"rendered":"<div data-elementor-type=\"wp-page\" data-elementor-id=\"2554\" class=\"elementor elementor-2554\">\n\t\t\t\t\t\t\t\t\t<section class=\"elementor-section elementor-top-section elementor-element elementor-element-44de90c elementor-section-full_width elementor-section-height-default elementor-section-height-default\" data-id=\"44de90c\" data-element_type=\"section\" data-settings=\"{&quot;background_background&quot;:&quot;classic&quot;}\">\n\t\t\t\t\t\t\t<div class=\"elementor-background-overlay\"><\/div>\n\t\t\t\t\t\t\t<div class=\"elementor-container elementor-column-gap-default\">\n\t\t\t\t\t<div class=\"elementor-column elementor-col-100 elementor-top-column elementor-element elementor-element-01f3fc8\" data-id=\"01f3fc8\" data-element_type=\"column\">\n\t\t\t<div class=\"elementor-widget-wrap elementor-element-populated\">\n\t\t\t\t\t\t\t\t<div class=\"elementor-element elementor-element-2e1144d elementor-widget__width-auto elementor-widget elementor-widget-heading\" data-id=\"2e1144d\" data-element_type=\"widget\" data-widget_type=\"heading.default\">\n\t\t\t\t<div class=\"elementor-widget-container\">\n\t\t\t<style>\/*! elementor - v3.15.0 - 02-08-2023 *\/\n.elementor-heading-title{padding:0;margin:0;line-height:1}.elementor-widget-heading .elementor-heading-title[class*=elementor-size-]>a{color:inherit;font-size:inherit;line-height:inherit}.elementor-widget-heading .elementor-heading-title.elementor-size-small{font-size:15px}.elementor-widget-heading .elementor-heading-title.elementor-size-medium{font-size:19px}.elementor-widget-heading .elementor-heading-title.elementor-size-large{font-size:29px}.elementor-widget-heading .elementor-heading-title.elementor-size-xl{font-size:39px}.elementor-widget-heading .elementor-heading-title.elementor-size-xxl{font-size:59px}<\/style><h1 class=\"elementor-heading-title elementor-size-default\">Subventions de l'UE<\/h1>\t\t<\/div>\n\t\t\t\t<\/div>\n\t\t\t\t\t<\/div>\n\t\t<\/div>\n\t\t\t\t\t\t\t<\/div>\n\t\t<\/section>\n\t\t\t\t<section class=\"elementor-section elementor-top-section elementor-element elementor-element-4c0caf8 elementor-section-boxed elementor-section-height-default elementor-section-height-default\" data-id=\"4c0caf8\" data-element_type=\"section\">\n\t\t\t\t\t\t<div class=\"elementor-container elementor-column-gap-default\">\n\t\t\t\t\t<div class=\"elementor-column elementor-col-100 elementor-top-column elementor-element elementor-element-cec2d3e\" data-id=\"cec2d3e\" data-element_type=\"column\">\n\t\t\t<div class=\"elementor-widget-wrap elementor-element-populated\">\n\t\t\t\t\t\t\t\t<div class=\"elementor-element elementor-element-20b11df elementor-widget elementor-widget-heading\" data-id=\"20b11df\" data-element_type=\"widget\" data-widget_type=\"heading.default\">\n\t\t\t\t<div class=\"elementor-widget-container\">\n\t\t\t<h4 class=\"elementor-heading-title elementor-size-default\">Projets r\u00e9alis\u00e9s par Retail Robotics Sp. z o.o. sp. k. appartenant au groupe Retail Robotics<\/h4>\t\t<\/div>\n\t\t\t\t<\/div>\n\t\t\t\t\t<\/div>\n\t\t<\/div>\n\t\t\t\t\t\t\t<\/div>\n\t\t<\/section>\n\t\t\t\t<section class=\"elementor-section elementor-top-section elementor-element elementor-element-caf573c elementor-section-boxed elementor-section-height-default elementor-section-height-default\" data-id=\"caf573c\" data-element_type=\"section\" data-settings=\"{&quot;background_background&quot;:&quot;classic&quot;}\">\n\t\t\t\t\t\t<div class=\"elementor-container elementor-column-gap-default\">\n\t\t\t\t\t<div class=\"elementor-column elementor-col-33 elementor-top-column elementor-element elementor-element-68bba95\" data-id=\"68bba95\" data-element_type=\"column\" data-settings=\"{&quot;background_background&quot;:&quot;classic&quot;}\">\n\t\t\t<div class=\"elementor-widget-wrap elementor-element-populated\">\n\t\t\t\t\t\t\t\t<div class=\"elementor-element elementor-element-a3f88be elementor-position-left elementor-vertical-align-top elementor-widget elementor-widget-image-box\" data-id=\"a3f88be\" data-element_type=\"widget\" data-widget_type=\"image-box.default\">\n\t\t\t\t<div class=\"elementor-widget-container\">\n\t\t\t<style>\/*! elementor - v3.15.0 - 02-08-2023 *\/\n.elementor-widget-image-box .elementor-image-box-content{width:100%}@media (min-width:768px){.elementor-widget-image-box.elementor-position-left .elementor-image-box-wrapper,.elementor-widget-image-box.elementor-position-right .elementor-image-box-wrapper{display:flex}.elementor-widget-image-box.elementor-position-right .elementor-image-box-wrapper{text-align:right;flex-direction:row-reverse}.elementor-widget-image-box.elementor-position-left .elementor-image-box-wrapper{text-align:left;flex-direction:row}.elementor-widget-image-box.elementor-position-top .elementor-image-box-img{margin:auto}.elementor-widget-image-box.elementor-vertical-align-top .elementor-image-box-wrapper{align-items:flex-start}.elementor-widget-image-box.elementor-vertical-align-middle .elementor-image-box-wrapper{align-items:center}.elementor-widget-image-box.elementor-vertical-align-bottom .elementor-image-box-wrapper{align-items:flex-end}}@media (max-width:767px){.elementor-widget-image-box .elementor-image-box-img{margin-left:auto!important;margin-right:auto!important;margin-bottom:15px}}.elementor-widget-image-box .elementor-image-box-img{display:inline-block}.elementor-widget-image-box .elementor-image-box-title a{color:inherit}.elementor-widget-image-box .elementor-image-box-wrapper{text-align:center}.elementor-widget-image-box .elementor-image-box-description{margin:0}<\/style><div class=\"elementor-image-box-wrapper\"><figure class=\"elementor-image-box-img\"><a href=\"\/wp-content\/uploads\/2022\/10\/dofinansowanie_e-grocery.pdf\" target=\"_blank\"><img width=\"1932\" height=\"2016\" src=\"https:\/\/rr.fwch.pl\/wp-content\/uploads\/2022\/12\/Loga-pionowe_ENG.jpg\" class=\"attachment-full size-full wp-image-4664\" alt=\"\" loading=\"lazy\" \/><\/a><\/figure><div class=\"elementor-image-box-content\"><h5 class=\"elementor-image-box-title\"><a href=\"\/wp-content\/uploads\/2022\/10\/dofinansowanie_e-grocery.pdf\" target=\"_blank\">Informations sur le projet<\/a><\/h5><p class=\"elementor-image-box-description\">Retail Robotics Sp. z o.o. sp. k. met en \u0153uvre un projet cofinanc\u00e9 par les Fonds europ\u00e9ens intitul\u00e9 \"D\u00e9veloppement d'un projet de conception d'un dispositif robotique de collecte de produits d'\u00e9picerie en ligne accessible aux personnes ayant des limitations fonctionnelles\".<\/p><\/div><\/div>\t\t<\/div>\n\t\t\t\t<\/div>\n\t\t\t\t\t<\/div>\n\t\t<\/div>\n\t\t\t\t<div class=\"elementor-column elementor-col-33 elementor-top-column elementor-element elementor-element-35e0381\" data-id=\"35e0381\" data-element_type=\"column\">\n\t\t\t<div class=\"elementor-widget-wrap elementor-element-populated\">\n\t\t\t\t\t\t\t\t<div class=\"elementor-element elementor-element-f907155 elementor-position-left elementor-vertical-align-top elementor-widget elementor-widget-image-box\" data-id=\"f907155\" data-element_type=\"widget\" data-widget_type=\"image-box.default\">\n\t\t\t\t<div class=\"elementor-widget-container\">\n\t\t\t<div class=\"elementor-image-box-wrapper\"><figure class=\"elementor-image-box-img\"><a href=\"\/wp-content\/uploads\/2022\/10\/Inoformacja-slaskie.pdf\" target=\"_blank\"><img width=\"296\" height=\"415\" src=\"https:\/\/rr.fwch.pl\/wp-content\/uploads\/2022\/10\/82f7e0e2ffde0d436b7c3dc80c3b67af.jpg\" class=\"attachment-full size-full wp-image-2713\" alt=\"\" loading=\"lazy\" \/><\/a><\/figure><div class=\"elementor-image-box-content\"><h5 class=\"elementor-image-box-title\"><a href=\"\/wp-content\/uploads\/2022\/10\/Inoformacja-slaskie.pdf\" target=\"_blank\">Informations sur le projet<\/a><\/h5><p class=\"elementor-image-box-description\">AQMET a mis en \u0153uvre un projet cofinanc\u00e9 par l'Union europ\u00e9enne intitul\u00e9 \" D\u00e9but de la production d'\u00e9quipements automatiques pour la reconnaissance, la s\u00e9gr\u00e9gation et la valorisation initiale des d\u00e9chets ainsi que d'\u00e9quipements de messagerie bas\u00e9s sur l'automatisation et la robotisation gr\u00e2ce \u00e0 l'utilisation, par exemple, d'un syst\u00e8me de robot cart\u00e9sien \".<\/p><\/div><\/div>\t\t<\/div>\n\t\t\t\t<\/div>\n\t\t\t\t\t<\/div>\n\t\t<\/div>\n\t\t\t\t<div class=\"elementor-column elementor-col-33 elementor-top-column elementor-element elementor-element-bab6c78\" data-id=\"bab6c78\" data-element_type=\"column\">\n\t\t\t<div class=\"elementor-widget-wrap elementor-element-populated\">\n\t\t\t\t\t\t\t\t<div class=\"elementor-element elementor-element-9ef3184 elementor-position-left elementor-vertical-align-top elementor-widget elementor-widget-image-box\" data-id=\"9ef3184\" data-element_type=\"widget\" data-widget_type=\"image-box.default\">\n\t\t\t\t<div class=\"elementor-widget-container\">\n\t\t\t<div class=\"elementor-image-box-wrapper\"><figure class=\"elementor-image-box-img\"><a href=\"\/wp-content\/uploads\/2022\/10\/Informacja_na_stronie_internetowej_recyklomaty.pdf\" target=\"_blank\"><img width=\"296\" height=\"417\" src=\"https:\/\/rr.fwch.pl\/wp-content\/uploads\/2022\/10\/fb007b27ef42c928b036439b4fecf4d6.jpg\" class=\"attachment-full size-full wp-image-2714\" alt=\"\" loading=\"lazy\" \/><\/a><\/figure><div class=\"elementor-image-box-content\"><h5 class=\"elementor-image-box-title\"><a href=\"\/wp-content\/uploads\/2022\/10\/Informacja_na_stronie_internetowej_recyklomaty.pdf\" target=\"_blank\">Informations sur le projet<\/a><\/h5><p class=\"elementor-image-box-description\">AQMET a mis en \u0153uvre un projet cofinanc\u00e9 par l'Union europ\u00e9enne intitul\u00e9 \"D\u00e9veloppement d'un dispositif de recyclage pour la reconnaissance, la s\u00e9gr\u00e9gation et l'utilisation initiale de nombreux types de d\u00e9chets ainsi que leur valorisation et le paiement d'une r\u00e9mun\u00e9ration appropri\u00e9e pour le recyclage\".<\/p><\/div><\/div>\t\t<\/div>\n\t\t\t\t<\/div>\n\t\t\t\t\t<\/div>\n\t\t<\/div>\n\t\t\t\t\t\t\t<\/div>\n\t\t<\/section>\n\t\t\t\t<section class=\"elementor-section elementor-top-section elementor-element elementor-element-10f014a elementor-section-boxed elementor-section-height-default elementor-section-height-default\" data-id=\"10f014a\" data-element_type=\"section\" data-settings=\"{&quot;background_background&quot;:&quot;classic&quot;}\">\n\t\t\t\t\t\t<div class=\"elementor-container elementor-column-gap-default\">\n\t\t\t\t\t<div class=\"elementor-column elementor-col-33 elementor-top-column elementor-element elementor-element-1da126b\" data-id=\"1da126b\" data-element_type=\"column\" data-settings=\"{&quot;background_background&quot;:&quot;classic&quot;}\">\n\t\t\t<div class=\"elementor-widget-wrap elementor-element-populated\">\n\t\t\t\t\t\t\t\t<div class=\"elementor-element elementor-element-c62f119 elementor-position-left elementor-vertical-align-top elementor-widget elementor-widget-image-box\" data-id=\"c62f119\" data-element_type=\"widget\" data-widget_type=\"image-box.default\">\n\t\t\t\t<div class=\"elementor-widget-container\">\n\t\t\t<div class=\"elementor-image-box-wrapper\"><figure class=\"elementor-image-box-img\"><a href=\"\/wp-content\/uploads\/2022\/10\/Informacja_na_stronie_internetowej_recyklomaty2.pdf\" target=\"_blank\"><img width=\"296\" height=\"417\" src=\"https:\/\/rr.fwch.pl\/wp-content\/uploads\/2022\/10\/fb007b27ef42c928b036439b4fecf4d6.jpg\" class=\"attachment-full size-full wp-image-2714\" alt=\"\" loading=\"lazy\" \/><\/a><\/figure><div class=\"elementor-image-box-content\"><h5 class=\"elementor-image-box-title\"><a href=\"\/wp-content\/uploads\/2022\/10\/Informacja_na_stronie_internetowej_recyklomaty2.pdf\" target=\"_blank\">Informations sur le projet<\/a><\/h5><p class=\"elementor-image-box-description\">AQMET a mis en \u0153uvre un projet cofinanc\u00e9 par l'Union europ\u00e9enne intitul\u00e9 \"D\u00e9veloppement d'une gamme de dispositifs de messagerie automatis\u00e9s utilisant des syst\u00e8mes robotiques, par exemple un syst\u00e8me robotique cart\u00e9sien\".<\/p><\/div><\/div>\t\t<\/div>\n\t\t\t\t<\/div>\n\t\t\t\t\t<\/div>\n\t\t<\/div>\n\t\t\t\t<div class=\"elementor-column elementor-col-33 elementor-top-column elementor-element elementor-element-c0bbd43\" data-id=\"c0bbd43\" data-element_type=\"column\">\n\t\t\t<div class=\"elementor-widget-wrap elementor-element-populated\">\n\t\t\t\t\t\t\t\t<div class=\"elementor-element elementor-element-900ae12 elementor-position-left elementor-vertical-align-top elementor-widget elementor-widget-image-box\" data-id=\"900ae12\" data-element_type=\"widget\" data-widget_type=\"image-box.default\">\n\t\t\t\t<div class=\"elementor-widget-container\">\n\t\t\t<div class=\"elementor-image-box-wrapper\"><figure class=\"elementor-image-box-img\"><a href=\"\/wp-content\/uploads\/2022\/10\/Dotacja_na_kapital_obrotowy.pdf\" target=\"_blank\"><img width=\"296\" height=\"526\" src=\"https:\/\/rr.fwch.pl\/wp-content\/uploads\/2022\/10\/eu-garnts-for-retail-robotics-1.jpg\" class=\"attachment-full size-full wp-image-2715\" alt=\"\" loading=\"lazy\" \/><\/a><\/figure><div class=\"elementor-image-box-content\"><h5 class=\"elementor-image-box-title\"><a href=\"\/wp-content\/uploads\/2022\/10\/Dotacja_na_kapital_obrotowy.pdf\" target=\"_blank\">Informations sur le projet<\/a><\/h5><p class=\"elementor-image-box-description\">Retail Robotics Sp. z o.o. Sp. k. met en \u0153uvre un projet cofinanc\u00e9 par des fonds europ\u00e9ens intitul\u00e9 \" Subvention de fonds de roulement pour Retail Robotics Sp. z o.o. sp.k. \".<\/p><\/div><\/div>\t\t<\/div>\n\t\t\t\t<\/div>\n\t\t\t\t\t<\/div>\n\t\t<\/div>\n\t\t\t\t<div class=\"elementor-column elementor-col-33 elementor-top-column elementor-element elementor-element-871471a\" data-id=\"871471a\" data-element_type=\"column\">\n\t\t\t<div class=\"elementor-widget-wrap elementor-element-populated\">\n\t\t\t\t\t\t\t\t<div class=\"elementor-element elementor-element-9bed151 elementor-position-left elementor-vertical-align-top elementor-widget elementor-widget-image-box\" data-id=\"9bed151\" data-element_type=\"widget\" data-widget_type=\"image-box.default\">\n\t\t\t\t<div class=\"elementor-widget-container\">\n\t\t\t<div class=\"elementor-image-box-wrapper\"><figure class=\"elementor-image-box-img\"><a href=\"\/wp-content\/uploads\/2022\/10\/Projekt_2.1_POIR.pdf\" target=\"_blank\"><img width=\"296\" height=\"526\" src=\"https:\/\/rr.fwch.pl\/wp-content\/uploads\/2022\/10\/eu-garnts-for-retail-robotics-1.jpg\" class=\"attachment-full size-full wp-image-2715\" alt=\"\" loading=\"lazy\" \/><\/a><\/figure><div class=\"elementor-image-box-content\"><h5 class=\"elementor-image-box-title\"><a href=\"\/wp-content\/uploads\/2022\/10\/Projekt_2.1_POIR.pdf\" target=\"_blank\">Informations sur le projet<\/a><\/h5><p class=\"elementor-image-box-description\">AQMET a r\u00e9alis\u00e9 un projet cofinanc\u00e9 par l'Union europ\u00e9enne dans le cadre du programme 2.1 Soutien aux investissements dans les infrastructures de R&amp;D des entreprises, intitul\u00e9 \"Extension du centre de recherche et de d\u00e9veloppement AQMET Sp. z o.o. Sp.k\".<\/p><\/div><\/div>\t\t<\/div>\n\t\t\t\t<\/div>\n\t\t\t\t\t<\/div>\n\t\t<\/div>\n\t\t\t\t\t\t\t<\/div>\n\t\t<\/section>\n\t\t\t\t<section class=\"elementor-section elementor-top-section elementor-element elementor-element-c087023 elementor-section-boxed elementor-section-height-default elementor-section-height-default\" data-id=\"c087023\" data-element_type=\"section\" data-settings=\"{&quot;background_background&quot;:&quot;classic&quot;}\">\n\t\t\t\t\t\t<div class=\"elementor-container elementor-column-gap-default\">\n\t\t\t\t\t<div class=\"elementor-column elementor-col-33 elementor-top-column elementor-element elementor-element-86bfa45\" data-id=\"86bfa45\" data-element_type=\"column\" data-settings=\"{&quot;background_background&quot;:&quot;classic&quot;}\">\n\t\t\t<div class=\"elementor-widget-wrap elementor-element-populated\">\n\t\t\t\t\t\t\t\t<div class=\"elementor-element elementor-element-281200d elementor-position-left elementor-vertical-align-top elementor-widget elementor-widget-image-box\" data-id=\"281200d\" data-element_type=\"widget\" data-widget_type=\"image-box.default\">\n\t\t\t\t<div class=\"elementor-widget-container\">\n\t\t\t<div class=\"elementor-image-box-wrapper\"><figure class=\"elementor-image-box-img\"><a href=\"\/wp-content\/uploads\/2022\/12\/Projekt_3.3.3_POIR-OPIS-PROJEKTOWY_FR-1.pdf\" target=\"_blank\"><img width=\"1932\" height=\"2016\" src=\"https:\/\/rr.fwch.pl\/wp-content\/uploads\/2022\/12\/Loga-pionowe_ENG.jpg\" class=\"attachment-full size-full wp-image-4664\" alt=\"\" loading=\"lazy\" \/><\/a><\/figure><div class=\"elementor-image-box-content\"><h5 class=\"elementor-image-box-title\"><a href=\"\/wp-content\/uploads\/2022\/12\/Projekt_3.3.3_POIR-OPIS-PROJEKTOWY_FR-1.pdf\" target=\"_blank\">Informations sur le projet<\/a><\/h5><p class=\"elementor-image-box-description\">Retail Robotics Sp. z o.o. Sp. k. met en \u0153uvre un projet cofinanc\u00e9 par les Fonds europ\u00e9ens intitul\u00e9 \"Promotion sur les march\u00e9s de dispositifs robotis\u00e9s innovants de messagerie en libre-service : allemand, fran\u00e7ais et am\u00e9ricain\".<\/p><\/div><\/div>\t\t<\/div>\n\t\t\t\t<\/div>\n\t\t\t\t\t<\/div>\n\t\t<\/div>\n\t\t\t\t<div class=\"elementor-column elementor-col-33 elementor-top-column elementor-element elementor-element-f23242b\" data-id=\"f23242b\" data-element_type=\"column\">\n\t\t\t<div class=\"elementor-widget-wrap\">\n\t\t\t\t\t\t\t\t\t<\/div>\n\t\t<\/div>\n\t\t\t\t<div class=\"elementor-column elementor-col-33 elementor-top-column elementor-element elementor-element-e54fb01\" data-id=\"e54fb01\" data-element_type=\"column\">\n\t\t\t<div class=\"elementor-widget-wrap\">\n\t\t\t\t\t\t\t\t\t<\/div>\n\t\t<\/div>\n\t\t\t\t\t\t\t<\/div>\n\t\t<\/section>\n\t\t\t\t\t\t\t<\/div>","protected":false},"excerpt":{"rendered":"<p>EU grants Projects implemented by Retail Robotics Sp. z o.o. sp. k. belonging to the Retail Robotics group Information about project Retail Robotics Sp. z o.o. sp. k. implements a project co-financed from European Funds entitled &#8220;Development of a design project of a robotic e-grocery collection device available to people with functional limitations&#8221; Information about&hellip;&nbsp;<a href=\"https:\/\/rr.fwch.pl\/fr\/eu-grants\/\" class=\"\" rel=\"bookmark\">Lire la suite &raquo;<span class=\"screen-reader-text\">Subventions de l'UE<\/span><\/a><\/p>","protected":false},"author":1,"featured_media":0,"parent":0,"menu_order":0,"comment_status":"closed","ping_status":"closed","template":"page-templates\/template-pagebuilder-full-width.php","meta":{"neve_meta_sidebar":"","neve_meta_container":"","neve_meta_enable_content_width":"","neve_meta_content_width":0,"neve_meta_title_alignment":"","neve_meta_author_avatar":"","neve_post_elements_order":"","neve_meta_disable_header":"","neve_meta_disable_footer":"","neve_meta_disable_title":""},"_links":{"self":[{"href":"https:\/\/rr.fwch.pl\/fr\/wp-json\/wp\/v2\/pages\/2554"}],"collection":[{"href":"https:\/\/rr.fwch.pl\/fr\/wp-json\/wp\/v2\/pages"}],"about":[{"href":"https:\/\/rr.fwch.pl\/fr\/wp-json\/wp\/v2\/types\/page"}],"author":[{"embeddable":true,"href":"https:\/\/rr.fwch.pl\/fr\/wp-json\/wp\/v2\/users\/1"}],"replies":[{"embeddable":true,"href":"https:\/\/rr.fwch.pl\/fr\/wp-json\/wp\/v2\/comments?post=2554"}],"version-history":[{"count":37,"href":"https:\/\/rr.fwch.pl\/fr\/wp-json\/wp\/v2\/pages\/2554\/revisions"}],"predecessor-version":[{"id":4674,"href":"https:\/\/rr.fwch.pl\/fr\/wp-json\/wp\/v2\/pages\/2554\/revisions\/4674"}],"wp:attachment":[{"href":"https:\/\/rr.fwch.pl\/fr\/wp-json\/wp\/v2\/media?parent=2554"}],"curies":[{"name":"wp","href":"https:\/\/api.w.org\/{rel}","templated":true}]}}